{"id":212,"date":"2020-10-24T04:22:39","date_gmt":"2020-10-24T04:22:39","guid":{"rendered":"http:\/\/jogaingenieria.com\/?page_id=212"},"modified":"2020-10-27T01:56:05","modified_gmt":"2020-10-27T01:56:05","slug":"asesoria","status":"publish","type":"page","link":"https:\/\/jogaingenieria.com\/index.php\/asesoria\/","title":{"rendered":"ASESOR\u00cdA"},"content":{"rendered":"<p>[et_pb_section fb_built=&#8221;1&#8243; admin_label=&#8221;About Section&#8221; module_id=&#8221;estudios&#8221; _builder_version=&#8221;4.5.6&#8243; use_background_color_gradient=&#8221;on&#8221; background_color_gradient_start=&#8221;#ffffff&#8221; background_color_gradient_end=&#8221;#e8eefc&#8221; custom_padding=&#8221;100px|0px|100px|0px&#8221;][et_pb_row column_structure=&#8221;1_2,1_2&#8243; admin_label=&#8221;ASESORIA&#8221; module_id=&#8221;#asesoriaycapacitacion&#8221; _builder_version=&#8221;4.5.6&#8243; custom_margin=&#8221;||70px|&#8221;][et_pb_column type=&#8221;1_2&#8243; _builder_version=&#8221;3.25&#8243; custom_padding=&#8221;|||&#8221; custom_padding__hover=&#8221;|||&#8221;][et_pb_cta title=&#8221;asesor\u00eda&#8221; button_url=&#8221;#&#8221; module_id=&#8221;asesoria&#8221; _builder_version=&#8221;4.5.6&#8243; header_level=&#8221;h1&#8243; header_font=&#8221;Montserrat|900||on|||||&#8221; header_text_color=&#8221;#e02b20&#8243; header_font_size=&#8221;44px&#8221; header_letter_spacing=&#8221;2px&#8221; header_line_height=&#8221;1.2em&#8221; body_font=&#8221;Lato||||||||&#8221; body_font_size=&#8221;20px&#8221; body_line_height=&#8221;1.8em&#8221; use_background_color=&#8221;off&#8221; custom_button=&#8221;on&#8221; button_text_size=&#8221;16px&#8221; button_text_color=&#8221;#ffffff&#8221; button_bg_color=&#8221;#5a0c1c&#8221; button_border_width=&#8221;6px&#8221; button_border_color=&#8221;#5a0c1c&#8221; button_border_radius=&#8221;5px&#8221; button_letter_spacing=&#8221;2px&#8221; button_font=&#8221;Lato|900||on|||||&#8221; text_orientation=&#8221;left&#8221; background_layout=&#8221;light&#8221; max_width=&#8221;750px&#8221; module_alignment=&#8221;left&#8221; animation_style=&#8221;fold&#8221; animation_intensity_fold=&#8221;16%&#8221; hover_enabled=&#8221;0&#8243; header_font_size_tablet=&#8221;46px&#8221; header_font_size_phone=&#8221;45px&#8221; header_font_size_last_edited=&#8221;on|phone&#8221; header_text_shadow_style=&#8221;preset1&#8243; header_text_shadow_color=&#8221;rgba(0,0,0,0.6)&#8221; box_shadow_style_button=&#8221;preset3&#8243; box_shadow_blur_button=&#8221;30px&#8221; box_shadow_spread_button=&#8221;8px&#8221; box_shadow_color_button=&#8221;rgba(250,127,40,0.15)&#8221; button_letter_spacing_hover=&#8221;2px&#8221; locked=&#8221;off&#8221; button_text_size__hover_enabled=&#8221;off&#8221; button_one_text_size__hover_enabled=&#8221;off&#8221; button_two_text_size__hover_enabled=&#8221;off&#8221; button_text_color__hover_enabled=&#8221;off&#8221; button_one_text_color__hover_enabled=&#8221;off&#8221; button_two_text_color__hover_enabled=&#8221;off&#8221; button_border_width__hover_enabled=&#8221;off&#8221; button_one_border_width__hover_enabled=&#8221;off&#8221; button_two_border_width__hover_enabled=&#8221;off&#8221; button_border_color__hover_enabled=&#8221;off&#8221; button_one_border_color__hover_enabled=&#8221;off&#8221; button_two_border_color__hover_enabled=&#8221;off&#8221; button_border_radius__hover_enabled=&#8221;off&#8221; button_one_border_radius__hover_enabled=&#8221;off&#8221; button_two_border_radius__hover_enabled=&#8221;off&#8221; button_letter_spacing__hover_enabled=&#8221;on&#8221; button_letter_spacing__hover=&#8221;2px&#8221; button_one_letter_spacing__hover_enabled=&#8221;off&#8221; button_two_letter_spacing__hover_enabled=&#8221;off&#8221; button_bg_color__hover_enabled=&#8221;off&#8221; button_one_bg_color__hover_enabled=&#8221;off&#8221; button_two_bg_color__hover_enabled=&#8221;off&#8221;]<\/p>\n<p><span><\/span><\/p>\n<p><span>Asesor\u00eda para el correcto cumplimiento de la Ley Federal del Trabajo, del Reglamento General de Inspecci\u00f3n del Trabajo y Aplicaci\u00f3n de Sanciones del Reglamento Federal de Seguridad y Salud en el Trabajo, de las Normas Oficiales Mexicanas de la STPS y para la elaboraci\u00f3n del Programa Interno de Protecci\u00f3n Civil.<\/span><\/p>\n<p><span><\/span><\/p>\n<ul>\n<li><span>Evaluaci\u00f3n e implementaci\u00f3n de la normatividad en materia de seguridad e higiene\u00a0<\/span><\/li>\n<li><span>Auditorias Internas en materia de Seguridad e Higiene donde evaluamos el nivel de cumplimiento respecto a la normatividad aplicable a su centro de trabajo.<\/span><\/li>\n<li><span>Identificamos las Normas Oficiales Mexicanas de Seguridad y Salud en el Trabajo que rigen a su centro de trabajo.<\/span><\/li>\n<li><span>Asesor\u00edas para la Implementaci\u00f3n del PASST (Programa de Autogesti\u00f3n en Seguridad y Salud en el Trabajo)<\/span><\/li>\n<li><span>Seguimiento a actas de inspecci\u00f3n ordinarias y extraordinarias a ra\u00edz de inspecciones realizadas a su centro de trabajo<\/span><\/li>\n<li><span>Auditor\u00edas Internas en materia de seguridad e higiene<\/span><\/li>\n<li><span>Asesor\u00edas para la organizaci\u00f3n y ejecuci\u00f3n de simulacros<\/span><\/li>\n<li><span>Protocolos sanitarios COVID-19<\/span><\/li>\n<\/ul>\n<p>[\/et_pb_cta][\/et_pb_column][et_pb_column type=&#8221;1_2&#8243; _builder_version=&#8221;3.25&#8243; custom_padding=&#8221;|||&#8221; custom_padding__hover=&#8221;|||&#8221;][et_pb_image src=&#8221;http:\/\/jogaingenieria.com\/wp-content\/uploads\/2020\/10\/asesoria.jpg&#8221; title_text=&#8221;asesoria&#8221; _builder_version=&#8221;4.5.6&#8243; border_radii=&#8221;on|9px|9px|9px|9px&#8221; box_shadow_style=&#8221;preset2&#8243;][\/et_pb_image][\/et_pb_column][\/et_pb_row][et_pb_row column_structure=&#8221;1_2,1_2&#8243; admin_label=&#8221;CAPACITACION&#8221; module_id=&#8221;#asesoriaycapacitacion&#8221; _builder_version=&#8221;4.5.6&#8243; custom_margin=&#8221;||70px|&#8221;][et_pb_column type=&#8221;1_2&#8243; _builder_version=&#8221;3.25&#8243; custom_padding=&#8221;|||&#8221; custom_padding__hover=&#8221;|||&#8221;][et_pb_image src=&#8221;http:\/\/jogaingenieria.com\/wp-content\/uploads\/2020\/10\/capacitacion.jpg&#8221; title_text=&#8221;capacitacion&#8221; _builder_version=&#8221;4.5.6&#8243; border_radii=&#8221;on|9px|9px|9px|9px&#8221; box_shadow_style=&#8221;preset2&#8243;][\/et_pb_image][\/et_pb_column][et_pb_column type=&#8221;1_2&#8243; _builder_version=&#8221;4.5.6&#8243; _module_preset=&#8221;default&#8221;][et_pb_cta title=&#8221;CAPACITACI\u00d3N&#8221; button_url=&#8221;#&#8221; _builder_version=&#8221;4.5.6&#8243; header_level=&#8221;h1&#8243; header_font=&#8221;Montserrat|900||on|||||&#8221; header_text_color=&#8221;#e02b20&#8243; header_font_size=&#8221;44px&#8221; header_letter_spacing=&#8221;2px&#8221; header_line_height=&#8221;1.2em&#8221; body_font=&#8221;Lato||||||||&#8221; body_font_size=&#8221;20px&#8221; body_line_height=&#8221;1.8em&#8221; use_background_color=&#8221;off&#8221; custom_button=&#8221;on&#8221; button_text_size=&#8221;16px&#8221; button_text_color=&#8221;#ffffff&#8221; button_bg_color=&#8221;#5a0c1c&#8221; button_border_width=&#8221;6px&#8221; button_border_color=&#8221;#5a0c1c&#8221; button_border_radius=&#8221;5px&#8221; button_letter_spacing=&#8221;2px&#8221; button_font=&#8221;Lato|900||on|||||&#8221; text_orientation=&#8221;left&#8221; background_layout=&#8221;light&#8221; max_width=&#8221;750px&#8221; module_alignment=&#8221;left&#8221; animation_style=&#8221;fold&#8221; animation_intensity_fold=&#8221;16%&#8221; hover_enabled=&#8221;0&#8243; header_font_size_tablet=&#8221;46px&#8221; header_font_size_phone=&#8221;29px&#8221; header_font_size_last_edited=&#8221;on|phone&#8221; header_text_shadow_style=&#8221;preset1&#8243; header_text_shadow_color=&#8221;rgba(0,0,0,0.6)&#8221; box_shadow_style_button=&#8221;preset3&#8243; box_shadow_blur_button=&#8221;30px&#8221; box_shadow_spread_button=&#8221;8px&#8221; box_shadow_color_button=&#8221;rgba(250,127,40,0.15)&#8221; button_letter_spacing_hover=&#8221;2px&#8221; locked=&#8221;off&#8221; button_text_size__hover_enabled=&#8221;off&#8221; button_one_text_size__hover_enabled=&#8221;off&#8221; button_two_text_size__hover_enabled=&#8221;off&#8221; button_text_color__hover_enabled=&#8221;off&#8221; button_one_text_color__hover_enabled=&#8221;off&#8221; button_two_text_color__hover_enabled=&#8221;off&#8221; button_border_width__hover_enabled=&#8221;off&#8221; button_one_border_width__hover_enabled=&#8221;off&#8221; button_two_border_width__hover_enabled=&#8221;off&#8221; button_border_color__hover_enabled=&#8221;off&#8221; button_one_border_color__hover_enabled=&#8221;off&#8221; button_two_border_color__hover_enabled=&#8221;off&#8221; button_border_radius__hover_enabled=&#8221;off&#8221; button_one_border_radius__hover_enabled=&#8221;off&#8221; button_two_border_radius__hover_enabled=&#8221;off&#8221; button_letter_spacing__hover_enabled=&#8221;on&#8221; button_letter_spacing__hover=&#8221;2px&#8221; button_one_letter_spacing__hover_enabled=&#8221;off&#8221; button_two_letter_spacing__hover_enabled=&#8221;off&#8221; button_bg_color__hover_enabled=&#8221;off&#8221; button_one_bg_color__hover_enabled=&#8221;off&#8221; button_two_bg_color__hover_enabled=&#8221;off&#8221;]<\/p>\n<p><span><\/span><\/p>\n<p><span>Permita que nuestro equipo de expertos en la materia se encargue de formar su capital humano mediante diversos cursos en materia de protecci\u00f3n civil, seguridad e higiene etc.<\/span>\u00a0<\/p>\n<p><span>Algunas de nuestras capacitaciones son;<\/span><\/p>\n<ul>\n<li><span>Formaci\u00f3n de Brigadas\u00a0<\/span><\/li>\n<li><span>Primeros Auxilios B\u00e1sicos y Avanzado<\/span><\/li>\n<li><span>Evacuaci\u00f3n y Comunicaci\u00f3n<\/span><\/li>\n<li><span>Combate contra incendio y manejo de extintores<\/span><\/li>\n<li><span>Uso y manejo seguro de montacargas\u00a0<\/span><\/li>\n<li><span>Manejo seguro de calderas y recipientes sujetos a presi\u00f3n.<\/span><\/li>\n<li><span>Manejo de Sustancias Qu\u00edmicas Peligrosas<\/span><\/li>\n<li><span>Pregunta por Cada uno de Nuestros Cursos<\/span><\/li>\n<\/ul>\n<ul><\/ul>\n<p>[\/et_pb_cta][\/et_pb_column][\/et_pb_row][\/et_pb_section][et_pb_section fb_built=&#8221;1&#8243; _builder_version=&#8221;4.5.6&#8243; _module_preset=&#8221;default&#8221;][\/et_pb_section]<\/p>\n","protected":false},"excerpt":{"rendered":"<p>[et_pb_section fb_built=&#8221;1&#8243; admin_label=&#8221;About Section&#8221; module_id=&#8221;estudios&#8221; _builder_version=&#8221;4.5.6&#8243; use_background_color_gradient=&#8221;on&#8221; background_color_gradient_start=&#8221;#ffffff&#8221; background_color_gradient_end=&#8221;#e8eefc&#8221; custom_padding=&#8221;100px|0px|100px|0px&#8221;][et_pb_row column_structure=&#8221;1_2,1_2&#8243; admin_label=&#8221;ASESORIA&#8221; module_id=&#8221;#asesoriaycapacitacion&#8221; _builder_version=&#8221;4.5.6&#8243; custom_margin=&#8221;||70px|&#8221;][et_pb_column type=&#8221;1_2&#8243; _builder_version=&#8221;3.25&#8243; custom_padding=&#8221;|||&#8221; custom_padding__hover=&#8221;|||&#8221;][et_pb_cta title=&#8221;asesor\u00eda&#8221; button_url=&#8221;#&#8221; module_id=&#8221;asesoria&#8221; _builder_version=&#8221;4.5.6&#8243; header_level=&#8221;h1&#8243; header_font=&#8221;Montserrat|900||on|||||&#8221; header_text_color=&#8221;#e02b20&#8243; header_font_size=&#8221;44px&#8221; header_letter_spacing=&#8221;2px&#8221; header_line_height=&#8221;1.2em&#8221; body_font=&#8221;Lato||||||||&#8221; body_font_size=&#8221;20px&#8221; body_line_height=&#8221;1.8em&#8221; use_background_color=&#8221;off&#8221; custom_button=&#8221;on&#8221; button_text_size=&#8221;16px&#8221; button_text_color=&#8221;#ffffff&#8221; button_bg_color=&#8221;#5a0c1c&#8221; button_border_width=&#8221;6px&#8221; button_border_color=&#8221;#5a0c1c&#8221; button_border_radius=&#8221;5px&#8221; button_letter_spacing=&#8221;2px&#8221; button_font=&#8221;Lato|900||on|||||&#8221; text_orientation=&#8221;left&#8221; background_layout=&#8221;light&#8221; max_width=&#8221;750px&#8221; module_alignment=&#8221;left&#8221; animation_style=&#8221;fold&#8221; animation_intensity_fold=&#8221;16%&#8221; hover_enabled=&#8221;0&#8243; header_font_size_tablet=&#8221;46px&#8221; header_font_size_phone=&#8221;45px&#8221; header_font_size_last_edited=&#8221;on|phone&#8221; header_text_shadow_style=&#8221;preset1&#8243; header_text_shadow_color=&#8221;rgba(0,0,0,0.6)&#8221; box_shadow_style_button=&#8221;preset3&#8243; [&hellip;]<\/p>\n","protected":false},"author":1,"featured_media":0,"parent":0,"menu_order":0,"comment_status":"closed","ping_status":"closed","template":"","meta":{"_et_pb_use_builder":"on","_et_pb_old_content":"","_et_gb_content_width":""},"yoast_head":"<!-- This site is optimized with the Yoast SEO plugin v15.3 - https:\/\/yoast.com\/wordpress\/plugins\/seo\/ -->\n<title>ASESOR\u00cdA - Joga Ingenier\u00eda y Proyectos<\/title>\n<meta name=\"robots\" content=\"index, follow, max-snippet:-1, max-image-preview:large, max-video-preview:-1\" \/>\n<link rel=\"canonical\" href=\"http:\/\/jogaingenieria.com\/index.php\/asesoria\/\" \/>\n<meta property=\"og:locale\" content=\"en_US\" \/>\n<meta property=\"og:type\" content=\"article\" \/>\n<meta property=\"og:title\" content=\"ASESOR\u00cdA - Joga Ingenier\u00eda y Proyectos\" \/>\n<meta property=\"og:description\" content=\"[et_pb_section fb_built=&#8221;1&#8243; admin_label=&#8221;About Section&#8221; module_id=&#8221;estudios&#8221; _builder_version=&#8221;4.5.6&#8243; use_background_color_gradient=&#8221;on&#8221; background_color_gradient_start=&#8221;#ffffff&#8221; background_color_gradient_end=&#8221;#e8eefc&#8221; custom_padding=&#8221;100px|0px|100px|0px&#8221;][et_pb_row column_structure=&#8221;1_2,1_2&#8243; admin_label=&#8221;ASESORIA&#8221; module_id=&#8221;#asesoriaycapacitacion&#8221; _builder_version=&#8221;4.5.6&#8243; custom_margin=&#8221;||70px|&#8221;][et_pb_column type=&#8221;1_2&#8243; _builder_version=&#8221;3.25&#8243; custom_padding=&#8221;|||&#8221; custom_padding__hover=&#8221;|||&#8221;][et_pb_cta title=&#8221;asesor\u00eda&#8221; button_url=&#8221;#&#8221; module_id=&#8221;asesoria&#8221; _builder_version=&#8221;4.5.6&#8243; header_level=&#8221;h1&#8243; header_font=&#8221;Montserrat|900||on|||||&#8221; header_text_color=&#8221;#e02b20&#8243; header_font_size=&#8221;44px&#8221; header_letter_spacing=&#8221;2px&#8221; header_line_height=&#8221;1.2em&#8221; body_font=&#8221;Lato||||||||&#8221; body_font_size=&#8221;20px&#8221; body_line_height=&#8221;1.8em&#8221; use_background_color=&#8221;off&#8221; custom_button=&#8221;on&#8221; button_text_size=&#8221;16px&#8221; button_text_color=&#8221;#ffffff&#8221; button_bg_color=&#8221;#5a0c1c&#8221; button_border_width=&#8221;6px&#8221; button_border_color=&#8221;#5a0c1c&#8221; button_border_radius=&#8221;5px&#8221; button_letter_spacing=&#8221;2px&#8221; button_font=&#8221;Lato|900||on|||||&#8221; text_orientation=&#8221;left&#8221; background_layout=&#8221;light&#8221; max_width=&#8221;750px&#8221; module_alignment=&#8221;left&#8221; animation_style=&#8221;fold&#8221; animation_intensity_fold=&#8221;16%&#8221; hover_enabled=&#8221;0&#8243; header_font_size_tablet=&#8221;46px&#8221; header_font_size_phone=&#8221;45px&#8221; header_font_size_last_edited=&#8221;on|phone&#8221; header_text_shadow_style=&#8221;preset1&#8243; header_text_shadow_color=&#8221;rgba(0,0,0,0.6)&#8221; box_shadow_style_button=&#8221;preset3&#8243; [&hellip;]\" \/>\n<meta property=\"og:url\" content=\"http:\/\/jogaingenieria.com\/index.php\/asesoria\/\" \/>\n<meta property=\"og:site_name\" content=\"Joga Ingenier\u00eda y Proyectos\" \/>\n<meta property=\"article:modified_time\" content=\"2020-10-27T01:56:05+00:00\" \/>\n<meta name=\"twitter:card\" content=\"summary_large_image\" \/>\n<meta name=\"twitter:label1\" content=\"Written by\">\n\t<meta name=\"twitter:data1\" content=\"fusionideas\">\n\t<meta name=\"twitter:label2\" content=\"Est. reading time\">\n\t<meta name=\"twitter:data2\" content=\"4 minutes\">\n<script type=\"application\/ld+json\" class=\"yoast-schema-graph\">{\"@context\":\"https:\/\/schema.org\",\"@graph\":[{\"@type\":\"WebSite\",\"@id\":\"http:\/\/jogaingenieria.com\/#website\",\"url\":\"http:\/\/jogaingenieria.com\/\",\"name\":\"Joga Ingenier\\u00eda y Proyectos\",\"description\":\"Existimos por dos razones; crear ingenier\\u00eda y seguridad industrial con un enfoque a la prevenci\\u00f3n.\",\"potentialAction\":[{\"@type\":\"SearchAction\",\"target\":\"http:\/\/jogaingenieria.com\/?s={search_term_string}\",\"query-input\":\"required name=search_term_string\"}],\"inLanguage\":\"en-US\"},{\"@type\":\"WebPage\",\"@id\":\"http:\/\/jogaingenieria.com\/index.php\/asesoria\/#webpage\",\"url\":\"http:\/\/jogaingenieria.com\/index.php\/asesoria\/\",\"name\":\"ASESOR\\u00cdA - Joga Ingenier\\u00eda y Proyectos\",\"isPartOf\":{\"@id\":\"http:\/\/jogaingenieria.com\/#website\"},\"datePublished\":\"2020-10-24T04:22:39+00:00\",\"dateModified\":\"2020-10-27T01:56:05+00:00\",\"inLanguage\":\"en-US\",\"potentialAction\":[{\"@type\":\"ReadAction\",\"target\":[\"http:\/\/jogaingenieria.com\/index.php\/asesoria\/\"]}]}]}<\/script>\n<!-- \/ Yoast SEO plugin. -->","_links":{"self":[{"href":"https:\/\/jogaingenieria.com\/index.php\/wp-json\/wp\/v2\/pages\/212"}],"collection":[{"href":"https:\/\/jogaingenieria.com\/index.php\/wp-json\/wp\/v2\/pages"}],"about":[{"href":"https:\/\/jogaingenieria.com\/index.php\/wp-json\/wp\/v2\/types\/page"}],"author":[{"embeddable":true,"href":"https:\/\/jogaingenieria.com\/index.php\/wp-json\/wp\/v2\/users\/1"}],"replies":[{"embeddable":true,"href":"https:\/\/jogaingenieria.com\/index.php\/wp-json\/wp\/v2\/comments?post=212"}],"version-history":[{"count":9,"href":"https:\/\/jogaingenieria.com\/index.php\/wp-json\/wp\/v2\/pages\/212\/revisions"}],"predecessor-version":[{"id":313,"href":"https:\/\/jogaingenieria.com\/index.php\/wp-json\/wp\/v2\/pages\/212\/revisions\/313"}],"wp:attachment":[{"href":"https:\/\/jogaingenieria.com\/index.php\/wp-json\/wp\/v2\/media?parent=212"}],"curies":[{"name":"wp","href":"https:\/\/api.w.org\/{rel}","templated":true}]}}