{"id":230,"date":"2020-10-24T04:35:12","date_gmt":"2020-10-24T04:35:12","guid":{"rendered":"http:\/\/jogaingenieria.com\/?page_id=230"},"modified":"2020-10-27T02:00:39","modified_gmt":"2020-10-27T02:00:39","slug":"medio-ambiente","status":"publish","type":"page","link":"https:\/\/jogaingenieria.com\/index.php\/medio-ambiente\/","title":{"rendered":"MEDIO AMBIENTE"},"content":{"rendered":"<p>[et_pb_section fb_built=&#8221;1&#8243; module_id=&#8221;mambiente&#8221; _builder_version=&#8221;4.5.6&#8243; _module_preset=&#8221;default&#8221; background_image=&#8221;http:\/\/jogaingenieria.com\/wp-content\/uploads\/2020\/10\/main-empresa-limpia-1280&#215;420-1.jpg&#8221; parallax=&#8221;on&#8221; width=&#8221;100%&#8221; max_width=&#8221;100%&#8221; module_alignment=&#8221;center&#8221; custom_padding=&#8221;||231px|||&#8221;][\/et_pb_section][et_pb_section fb_built=&#8221;1&#8243; admin_label=&#8221;MEDIO AMBIENTE&#8221; module_id=&#8221;mambiente&#8221; _builder_version=&#8221;4.5.6&#8243; _module_preset=&#8221;default&#8221; background_color=&#8221;#68c41d&#8221; custom_margin=&#8221;-54px|||||&#8221;][et_pb_row column_structure=&#8221;2_5,3_5&#8243; admin_label=&#8221;PROYECTOS DE INGENIERIA&#8221; _builder_version=&#8221;4.5.6&#8243; _module_preset=&#8221;default&#8221;][et_pb_column type=&#8221;2_5&#8243; _builder_version=&#8221;4.5.6&#8243; _module_preset=&#8221;default&#8221;][et_pb_text _builder_version=&#8221;4.5.6&#8243; _module_preset=&#8221;default&#8221; text_font=&#8221;Montserrat|900|||||||&#8221; text_text_color=&#8221;#ffffff&#8221; text_font_size=&#8221;44px&#8221; text_line_height=&#8221;1.3em&#8221; header_font=&#8221;ABeeZee||||||||&#8221; min_height=&#8221;22px&#8221; hover_enabled=&#8221;0&#8243; text_text_shadow_style=&#8221;preset2&#8243;]<\/p>\n<p style=\"text-align: left;\">MEDIO AMBIENTE<\/p>\n<p>[\/et_pb_text][et_pb_image src=&#8221;http:\/\/jogaingenieria.com\/wp-content\/uploads\/2020\/10\/ARBOL.jpg&#8221; title_text=&#8221;ARBOL&#8221; _builder_version=&#8221;4.5.6&#8243; _module_preset=&#8221;default&#8221; border_radii=&#8221;on|8px|8px|8px|8px&#8221; box_shadow_style=&#8221;preset2&#8243;][\/et_pb_image][\/et_pb_column][et_pb_column type=&#8221;3_5&#8243; _builder_version=&#8221;4.5.6&#8243; _module_preset=&#8221;default&#8221;][et_pb_text _builder_version=&#8221;4.5.6&#8243; _module_preset=&#8221;default&#8221; text_text_color=&#8221;#ffffff&#8221; text_font_size=&#8221;15px&#8221; min_height=&#8221;22px&#8221;]<\/p>\n<p><span style=\"font-weight: 400;\"><\/span><\/p>\n<p><span style=\"font-weight: 400;\">Contamos con una amplia experiencia en la implementaci\u00f3n y manejo de sistemas de gesti\u00f3n ambiental en giros como el sector industrial, qu\u00edmico, minero y energ\u00e9tico. Acompa\u00f1amos las decisiones estrat\u00e9gicas que presentan un riesgo ambiental y de cumplimiento regulatorio.<\/span><\/p>\n<p><span style=\"font-weight: 400;\">Servicios<\/span><\/p>\n<p><span style=\"font-weight: 400;\"><\/span><\/p>\n<ul>\n<li style=\"font-weight: 400;\"><span style=\"font-weight: 400;\">Altas, registros, cambios o bajas en materia de Residuos Peligrosos.<\/span><\/li>\n<li style=\"font-weight: 400;\"><span style=\"font-weight: 400;\">Registro o seguimiento de Planes de Manejo de Residuos Peligrosos.<\/span><\/li>\n<li style=\"font-weight: 400;\"><span style=\"font-weight: 400;\">Obtenci\u00f3n de la Licencia de Funcionamiento de Fuentes Fijas de Emisi\u00f3n a la Atm\u00f3sfera\u00a0<\/span><\/li>\n<li style=\"font-weight: 400;\"><span style=\"font-weight: 400;\">Elaboraci\u00f3n de COA (C\u00e9dula de Operaci\u00f3n Anual).<\/span><\/li>\n<li style=\"font-weight: 400;\"><span style=\"font-weight: 400;\">Asesor\u00edas para el correcto Manejo de sus Residuos Peligrosos<\/span><\/li>\n<li style=\"font-weight: 400;\"><span style=\"font-weight: 400;\">Y mas\u2026<\/span><\/li>\n<\/ul>\n<p>[\/et_pb_text][\/et_pb_column][\/et_pb_row][\/et_pb_section]<\/p>\n","protected":false},"excerpt":{"rendered":"<p>[et_pb_section fb_built=&#8221;1&#8243; module_id=&#8221;mambiente&#8221; _builder_version=&#8221;4.5.6&#8243; _module_preset=&#8221;default&#8221; background_image=&#8221;http:\/\/jogaingenieria.com\/wp-content\/uploads\/2020\/10\/main-empresa-limpia-1280&#215;420-1.jpg&#8221; parallax=&#8221;on&#8221; width=&#8221;100%&#8221; max_width=&#8221;100%&#8221; module_alignment=&#8221;center&#8221; custom_padding=&#8221;||231px|||&#8221;][\/et_pb_section][et_pb_section fb_built=&#8221;1&#8243; admin_label=&#8221;MEDIO AMBIENTE&#8221; module_id=&#8221;mambiente&#8221; _builder_version=&#8221;4.5.6&#8243; _module_preset=&#8221;default&#8221; background_color=&#8221;#68c41d&#8221; custom_margin=&#8221;-54px|||||&#8221;][et_pb_row column_structure=&#8221;2_5,3_5&#8243; admin_label=&#8221;PROYECTOS DE INGENIERIA&#8221; _builder_version=&#8221;4.5.6&#8243; _module_preset=&#8221;default&#8221;][et_pb_column type=&#8221;2_5&#8243; _builder_version=&#8221;4.5.6&#8243; _module_preset=&#8221;default&#8221;][et_pb_text _builder_version=&#8221;4.5.6&#8243; _module_preset=&#8221;default&#8221; text_font=&#8221;Montserrat|900|||||||&#8221; text_text_color=&#8221;#ffffff&#8221; text_font_size=&#8221;44px&#8221; text_line_height=&#8221;1.3em&#8221; header_font=&#8221;ABeeZee||||||||&#8221; min_height=&#8221;22px&#8221; hover_enabled=&#8221;0&#8243; text_text_shadow_style=&#8221;preset2&#8243;] MEDIO AMBIENTE [\/et_pb_text][et_pb_image src=&#8221;http:\/\/jogaingenieria.com\/wp-content\/uploads\/2020\/10\/ARBOL.jpg&#8221; title_text=&#8221;ARBOL&#8221; _builder_version=&#8221;4.5.6&#8243; _module_preset=&#8221;default&#8221; border_radii=&#8221;on|8px|8px|8px|8px&#8221; box_shadow_style=&#8221;preset2&#8243;][\/et_pb_image][\/et_pb_column][et_pb_column type=&#8221;3_5&#8243; _builder_version=&#8221;4.5.6&#8243; _module_preset=&#8221;default&#8221;][et_pb_text _builder_version=&#8221;4.5.6&#8243; _module_preset=&#8221;default&#8221; text_text_color=&#8221;#ffffff&#8221; text_font_size=&#8221;15px&#8221; min_height=&#8221;22px&#8221;] [&hellip;]<\/p>\n","protected":false},"author":1,"featured_media":0,"parent":0,"menu_order":0,"comment_status":"closed","ping_status":"closed","template":"","meta":{"_et_pb_use_builder":"on","_et_pb_old_content":"","_et_gb_content_width":""},"yoast_head":"<!-- This site is optimized with the Yoast SEO plugin v15.3 - https:\/\/yoast.com\/wordpress\/plugins\/seo\/ -->\n<title>MEDIO AMBIENTE - Joga Ingenier\u00eda y Proyectos<\/title>\n<meta name=\"robots\" content=\"index, follow, max-snippet:-1, max-image-preview:large, max-video-preview:-1\" \/>\n<link rel=\"canonical\" href=\"http:\/\/jogaingenieria.com\/index.php\/medio-ambiente\/\" \/>\n<meta property=\"og:locale\" content=\"en_US\" \/>\n<meta property=\"og:type\" content=\"article\" \/>\n<meta property=\"og:title\" content=\"MEDIO AMBIENTE - Joga Ingenier\u00eda y Proyectos\" \/>\n<meta property=\"og:description\" content=\"[et_pb_section fb_built=&#8221;1&#8243; module_id=&#8221;mambiente&#8221; _builder_version=&#8221;4.5.6&#8243; _module_preset=&#8221;default&#8221; background_image=&#8221;http:\/\/jogaingenieria.com\/wp-content\/uploads\/2020\/10\/main-empresa-limpia-1280&#215;420-1.jpg&#8221; parallax=&#8221;on&#8221; width=&#8221;100%&#8221; max_width=&#8221;100%&#8221; module_alignment=&#8221;center&#8221; custom_padding=&#8221;||231px|||&#8221;][\/et_pb_section][et_pb_section fb_built=&#8221;1&#8243; admin_label=&#8221;MEDIO AMBIENTE&#8221; module_id=&#8221;mambiente&#8221; _builder_version=&#8221;4.5.6&#8243; _module_preset=&#8221;default&#8221; background_color=&#8221;#68c41d&#8221; custom_margin=&#8221;-54px|||||&#8221;][et_pb_row column_structure=&#8221;2_5,3_5&#8243; admin_label=&#8221;PROYECTOS DE INGENIERIA&#8221; _builder_version=&#8221;4.5.6&#8243; _module_preset=&#8221;default&#8221;][et_pb_column type=&#8221;2_5&#8243; _builder_version=&#8221;4.5.6&#8243; _module_preset=&#8221;default&#8221;][et_pb_text _builder_version=&#8221;4.5.6&#8243; _module_preset=&#8221;default&#8221; text_font=&#8221;Montserrat|900|||||||&#8221; text_text_color=&#8221;#ffffff&#8221; text_font_size=&#8221;44px&#8221; text_line_height=&#8221;1.3em&#8221; header_font=&#8221;ABeeZee||||||||&#8221; min_height=&#8221;22px&#8221; hover_enabled=&#8221;0&#8243; text_text_shadow_style=&#8221;preset2&#8243;] MEDIO AMBIENTE [\/et_pb_text][et_pb_image src=&#8221;http:\/\/jogaingenieria.com\/wp-content\/uploads\/2020\/10\/ARBOL.jpg&#8221; title_text=&#8221;ARBOL&#8221; _builder_version=&#8221;4.5.6&#8243; _module_preset=&#8221;default&#8221; border_radii=&#8221;on|8px|8px|8px|8px&#8221; box_shadow_style=&#8221;preset2&#8243;][\/et_pb_image][\/et_pb_column][et_pb_column type=&#8221;3_5&#8243; _builder_version=&#8221;4.5.6&#8243; _module_preset=&#8221;default&#8221;][et_pb_text _builder_version=&#8221;4.5.6&#8243; _module_preset=&#8221;default&#8221; text_text_color=&#8221;#ffffff&#8221; text_font_size=&#8221;15px&#8221; min_height=&#8221;22px&#8221;] [&hellip;]\" \/>\n<meta property=\"og:url\" content=\"http:\/\/jogaingenieria.com\/index.php\/medio-ambiente\/\" \/>\n<meta property=\"og:site_name\" content=\"Joga Ingenier\u00eda y Proyectos\" \/>\n<meta property=\"article:modified_time\" content=\"2020-10-27T02:00:39+00:00\" \/>\n<meta name=\"twitter:card\" content=\"summary_large_image\" \/>\n<meta name=\"twitter:label1\" content=\"Written by\">\n\t<meta name=\"twitter:data1\" content=\"fusionideas\">\n\t<meta name=\"twitter:label2\" content=\"Est. reading time\">\n\t<meta name=\"twitter:data2\" content=\"1 minute\">\n<script type=\"application\/ld+json\" class=\"yoast-schema-graph\">{\"@context\":\"https:\/\/schema.org\",\"@graph\":[{\"@type\":\"WebSite\",\"@id\":\"http:\/\/jogaingenieria.com\/#website\",\"url\":\"http:\/\/jogaingenieria.com\/\",\"name\":\"Joga Ingenier\\u00eda y Proyectos\",\"description\":\"Existimos por dos razones; crear ingenier\\u00eda y seguridad industrial con un enfoque a la prevenci\\u00f3n.\",\"potentialAction\":[{\"@type\":\"SearchAction\",\"target\":\"http:\/\/jogaingenieria.com\/?s={search_term_string}\",\"query-input\":\"required name=search_term_string\"}],\"inLanguage\":\"en-US\"},{\"@type\":\"WebPage\",\"@id\":\"http:\/\/jogaingenieria.com\/index.php\/medio-ambiente\/#webpage\",\"url\":\"http:\/\/jogaingenieria.com\/index.php\/medio-ambiente\/\",\"name\":\"MEDIO AMBIENTE - Joga Ingenier\\u00eda y Proyectos\",\"isPartOf\":{\"@id\":\"http:\/\/jogaingenieria.com\/#website\"},\"datePublished\":\"2020-10-24T04:35:12+00:00\",\"dateModified\":\"2020-10-27T02:00:39+00:00\",\"inLanguage\":\"en-US\",\"potentialAction\":[{\"@type\":\"ReadAction\",\"target\":[\"http:\/\/jogaingenieria.com\/index.php\/medio-ambiente\/\"]}]}]}<\/script>\n<!-- \/ Yoast SEO plugin. -->","_links":{"self":[{"href":"https:\/\/jogaingenieria.com\/index.php\/wp-json\/wp\/v2\/pages\/230"}],"collection":[{"href":"https:\/\/jogaingenieria.com\/index.php\/wp-json\/wp\/v2\/pages"}],"about":[{"href":"https:\/\/jogaingenieria.com\/index.php\/wp-json\/wp\/v2\/types\/page"}],"author":[{"embeddable":true,"href":"https:\/\/jogaingenieria.com\/index.php\/wp-json\/wp\/v2\/users\/1"}],"replies":[{"embeddable":true,"href":"https:\/\/jogaingenieria.com\/index.php\/wp-json\/wp\/v2\/comments?post=230"}],"version-history":[{"count":3,"href":"https:\/\/jogaingenieria.com\/index.php\/wp-json\/wp\/v2\/pages\/230\/revisions"}],"predecessor-version":[{"id":317,"href":"https:\/\/jogaingenieria.com\/index.php\/wp-json\/wp\/v2\/pages\/230\/revisions\/317"}],"wp:attachment":[{"href":"https:\/\/jogaingenieria.com\/index.php\/wp-json\/wp\/v2\/media?parent=230"}],"curies":[{"name":"wp","href":"https:\/\/api.w.org\/{rel}","templated":true}]}}